{"id":45,"date":"2015-05-28T12:29:17","date_gmt":"2015-05-28T11:29:17","guid":{"rendered":"https:\/\/www.peruviptrips.com\/?page_id=45"},"modified":"2015-05-28T12:34:46","modified_gmt":"2015-05-28T11:34:46","slug":"payment","status":"publish","type":"page","link":"https:\/\/www.peruviptrips.com\/es\/formas-de-pago-peru-vip-trips\/","title":{"rendered":"Formas de Pago"},"content":{"rendered":"<p>Instrucciones para enviarnos su pago.<\/p>\n<p><strong>1.- PAGO POR WESTERN UNION<\/strong><br \/>\nEl envi\u00f3 lo debe realizar a nombre de nuestro Gerente de la Agencia, no envi\u00e9 a otro nombre que no sea \u00e9ste.<\/p>\n<p style=\"text-align: justify;\">Con el servicio WesternUnion\u00ae, usted puede enviar y recibir <a href=\"https:\/\/www.peruviptrips.com\/wp-content\/uploads\/2015\/05\/peru-vip-trps-wu.jpg\"><img loading=\"lazy\" class=\" size-full wp-image-46 alignright\" src=\"https:\/\/www.peruviptrips.com\/wp-content\/uploads\/2015\/05\/peru-vip-trps-wu.jpg\" alt=\"peru vip trips wu\" width=\"241\" height=\"73\" \/><\/a>dinero r\u00e1pidamente entre cualquiera de los 117 000 agentes u oficinas de todo el mundo. Chequee en Internet www.westernunion.com cu\u00e1l es el agente m\u00e1s cercano a su domicilio, luego dir\u00edjase a la oficina m\u00e1s cercana de Western Union, pregunte por el cajero de env\u00edos de dinero a otros pa\u00edses, el cajero le entregara un formulario de env\u00edo de dinero.<br \/>\nComplete el formulario de Env\u00edo de Dinero.<\/p>\n<p>Aseg\u00farese de solicitar el formulario para enviar Dinero.<\/p>\n<p>Ind\u00edquele al empleado que el env\u00edo debe ser en d\u00f3lares americanos y escriba en letras la cantidad<\/p>\n<p>Escriba en n\u00fameros la cantidad de dinero que enviar\u00e1.<\/p>\n<p>Copie los datos del beneficiario de la manera que se indica aqu\u00ed. Los mismos son los siguientes:<\/p>\n<p>Nombres: ALFREDO GENARO<br \/>\nApellido: MAMANI JORGE<br \/>\nDirecci\u00f3n y n\u00famero: URB. VELASCO ASTETE MZ. B LT. 4<br \/>\nCiudad: Cusco<br \/>\nPa\u00eds: Per\u00fa<br \/>\nEn el apartado Remitente escriba sus datos personales.<\/p>\n<p>Pague al cajero en efectivo el monto que desea enviar y la comisi\u00f3n de env\u00edo. Siempre le ser\u00e1 requerida una identificaci\u00f3n.<\/p>\n<p>Una vez hecho el dep\u00f3sito le entregar\u00e1n el recibo que incluye su MTCN: N\u00famero de Control de Transferencia de Dinero (Money Transfer Control Number).<\/p>\n<p>Inf\u00f3rmenos por e-mail del importe enviado y del n\u00famero de MTCN, nosotros a la brevedad cobraremos el dinero y procederemos a realizar los pagos y confirmaremos el pago por e-mail o tel\u00e9fono.<\/p>\n<p>El costo no incluye los cargos de Western Union.<\/p>\n<p><strong>2.- PAGOS POR TRANSFERENCIA BANCARIA<\/strong><br \/>\nEste sistema de pago se realiza en cualquier banco desde Per\u00fa \u00f3 el extranjero, ah\u00ed realizar\u00e1 el dep\u00f3sito con los siguientes datos:<\/p>\n<p><a href=\"https:\/\/www.peruviptrips.com\/wp-content\/uploads\/2015\/05\/peru-vip-trips-continental.jpg\"><img loading=\"lazy\" class=\" size-full wp-image-47 alignleft\" src=\"https:\/\/www.peruviptrips.com\/wp-content\/uploads\/2015\/05\/peru-vip-trips-continental.jpg\" alt=\"peru-vip-trips-continental\" width=\"241\" height=\"140\" \/><\/a>Banco: Banco CONTINENTAL<br \/>\nN\u00famero de cuenta en Soles: 001102000022<br \/>\nNombre: ALFREDO GENARO MAMANI JORGE<\/p>\n<p>El dep\u00f3sito debe estar bajo el nombre de: ALFREDO GENARO MAMANI JORGE (para su comodidad imprima esta hoja).<\/p>\n<p>Luego del dep\u00f3sito, env\u00edenos por e-mail LOS SIGUIENTES DATOS:<\/p>\n<p>Hora y fecha del Pago<br \/>\nNro. De transacci\u00f3n y\/o Operaci\u00f3n.<br \/>\nNombre que aparece (debe decir ALFREDO GENARO MAMANI JORGE)<br \/>\nMonto Total Consignado<br \/>\nBanco en el que realizo la transacci\u00f3n.<br \/>\nNosotros enviaremos un e-mail confirmando la transacci\u00f3n y re-confirmaremos su reserva.<\/p>\n<p>El costo no incluye los cargos de generados por el Banco a nuestra tarifa.<\/p>\n<p><strong>*** RECOMENDACIONES:. ***<\/strong><br \/>\nEn nuestra oficina central de la ciudad de CUSCO \u2013 PERU, usted podr\u00e1 pagar con tarjeta de cr\u00e9dito Visa o MasterCard, para cada pago deber\u00e1 adicionar el 10% al monto total.<\/p>\n<p>Reserve su tour o haga sus consultas<br \/>\nCentral Telef\u00f3nica: +0051-84-241667<\/p>\n<p>MOVIL: +0051 958 312357 RPC: 958 312357<br \/>\nMOVIL: +0051 958 717584<\/p>\n<p>MSN: alivemachupicchutravel@gmail.com<\/p>\n<p>Nosotros le enviaremos la confirmaci\u00f3n final de su reservaci\u00f3n con informaci\u00f3n detallada en breve. Si usted no recibe su confirmaci\u00f3n dentro de las 24 horas, por favor env\u00edenos un email a: alivemachupicchutravel@gmail.com o no dude en llamarnos a cualquiera de nuestros n\u00fameros<\/p>\n<p>PAGO FINAL: El saldo restante debe ser pagado a su llegada a Cusco en Soles \/ D\u00f3lares USS en efectivo (Tipo de cambio 2.70 soles para USS $ 1). Los pagos con tarjeta de cr\u00e9dito \/ d\u00e9bito son aceptadas con una comisi\u00f3n del 10%.<\/p>\n<p>Gracias por hacer la reserva con Alive Machu Picchu Travel.<\/p>\n<p>Direcci\u00f3n: Portal Panes Nro-123 Oficina 103 Plaza de Armas Cusco &#8211; Peru[\/color]<\/p>\n<p><iframe src=\"https:\/\/mapsengine.google.com\/map\/embed?mid=zsoaxXGFvX_k.k8CmWns9gnhk\" width=\"640\" height=\"480\"><\/iframe><\/p>","protected":false},"excerpt":{"rendered":"<p>Instrucciones para enviarnos su pago. 1.- PAGO POR WESTERN UNION El envi\u00f3 lo debe realizar a nombre de nuestro Gerente de la Agencia, no envi\u00e9 a otro nombre que no [&hellip;]<\/p>\n","protected":false},"author":2,"featured_media":0,"parent":0,"menu_order":0,"comment_status":"closed","ping_status":"closed","template":"","meta":[],"_links":{"self":[{"href":"https:\/\/www.peruviptrips.com\/es\/wp-json\/wp\/v2\/pages\/45"}],"collection":[{"href":"https:\/\/www.peruviptrips.com\/es\/wp-json\/wp\/v2\/pages"}],"about":[{"href":"https:\/\/www.peruviptrips.com\/es\/wp-json\/wp\/v2\/types\/page"}],"author":[{"embeddable":true,"href":"https:\/\/www.peruviptrips.com\/es\/wp-json\/wp\/v2\/users\/2"}],"replies":[{"embeddable":true,"href":"https:\/\/www.peruviptrips.com\/es\/wp-json\/wp\/v2\/comments?post=45"}],"version-history":[{"count":1,"href":"https:\/\/www.peruviptrips.com\/es\/wp-json\/wp\/v2\/pages\/45\/revisions"}],"predecessor-version":[{"id":48,"href":"https:\/\/www.peruviptrips.com\/es\/wp-json\/wp\/v2\/pages\/45\/revisions\/48"}],"wp:attachment":[{"href":"https:\/\/www.peruviptrips.com\/es\/wp-json\/wp\/v2\/media?parent=45"}],"curies":[{"name":"wp","href":"https:\/\/api.w.org\/{rel}","templated":true}]}}