{"id":33,"date":"2015-05-28T12:06:39","date_gmt":"2015-05-28T11:06:39","guid":{"rendered":"https:\/\/www.peruviptrips.com\/?page_id=33"},"modified":"2015-05-28T12:34:13","modified_gmt":"2015-05-28T11:34:13","slug":"machu-picchu","status":"publish","type":"page","link":"https:\/\/www.peruviptrips.com\/es\/machu-picchu\/","title":{"rendered":"Machu Picchu"},"content":{"rendered":"<p><\/p>\n<p style=\"text-align: justify;\"><strong>Machu Picchu<\/strong> (del quechua sure\u0144o machu pikchu, &#8220;Monta\u0144a Vieja&#8221;) es el nombre contempor\u00e1neo que se da a una llaqta (antiguo poblado andino) incaica construida a mediados del siglo XV en el promontorio rocoso que une las monta\u0144as Machu Picchu y Huayna Picchu en la vertiente oriental de la Cordillera Central, al sur del Per\u00fa y a 2490 msnm (altitud de su plaza principal). Su nombre original habr\u00eda sido Picchu o Picho.<\/p>\n<p style=\"text-align: justify;\"><a href=\"https:\/\/www.peruviptrips.com\/wp-content\/uploads\/2015\/05\/machu-picchu-vip.jpeg\"><img loading=\"lazy\" class=\"  wp-image-34 alignright\" src=\"https:\/\/www.peruviptrips.com\/wp-content\/uploads\/2015\/05\/machu-picchu-vip.jpeg\" alt=\"machu picchu peru vip trips\" width=\"332\" height=\"187\" srcset=\"https:\/\/www.peruviptrips.com\/wp-content\/uploads\/2015\/05\/machu-picchu-vip.jpeg 1920w, https:\/\/www.peruviptrips.com\/wp-content\/uploads\/2015\/05\/machu-picchu-vip-300x169.jpeg 300w, https:\/\/www.peruviptrips.com\/wp-content\/uploads\/2015\/05\/machu-picchu-vip-1024x576.jpeg 1024w\" sizes=\"(max-width: 332px) 100vw, 332px\" \/><\/a>Seg\u00fan documentos de mediados del siglo XVI, <strong>Machu Picchu<\/strong> habr\u00eda sido una de las residencias de descanso de Pachac\u00fatec (primer inca del Tahuantinsuyo, 1438-1470). Sin embargo, algunas de sus mejores construcciones y el evidente car\u00e1cter ceremonial de la principal v\u00eda de acceso a la llaqta demostrar\u00edan que esta fue usada como santuario religioso. Ambos usos, el de palacio y el de santuario, no habr\u00edan sido incompatibles. Algunos expertos parecen haber descartado, en cambio, un supuesto car\u00e1cter militar, por lo que los populares calificativos de &#8220;fortaleza&#8221; o &#8220;ciudadela inca&#8221; podr\u00edan haber sido superados.<\/p>\n<p><strong>Machu Picchu<\/strong> es considerada al mismo tiempo una obra maestra de la arquitectura y la ingenier\u00eda. Sus peculiares caracter\u00edsticas arquitect\u00f3nicas y paisaj\u00edsticas, y el velo de misterio que ha tejido a su alrededor buena parte de la literatura publicada sobre el sitio, lo han convertido en uno de los destinos tur\u00edsticos m\u00e1s populares del planeta.<\/p>\n<p style=\"text-align: justify;\"><strong>Machupicchu<\/strong> est\u00e1 en la Lista del Patrimonio de la Humanidad de la Unesco desde 1983, como parte de todo un conjunto cultural y ecol\u00f3gico conocido bajo la denominaci\u00f3n Santuario hist\u00f3rico de Machu Picchu. El 7 de julio de 2007 Machu Picchu fue declarada como una de las nuevas siete maravillas del mundo moderno en una ceremonia realizada en Lisboa, Portugal, que cont\u00f3 con la participaci\u00f3n de cien millones de votantes en el mundo entero.<\/p>\n<h2>Parque Arqueol\u00f3gico de Machu Picchu<\/h2>\n<p style=\"text-align: justify;\"><a href=\"https:\/\/www.peruviptrips.com\/wp-content\/uploads\/2015\/05\/machu-picchu-peru-vip-trips2.jpg\"><img loading=\"lazy\" class=\"  alignright wp-image-42 size-medium\" src=\"https:\/\/www.peruviptrips.com\/wp-content\/uploads\/2015\/05\/machu-picchu-peru-vip-trips2-300x226.jpg\" alt=\"machu-picchu-peru-vip-trips\" width=\"300\" height=\"226\" srcset=\"https:\/\/www.peruviptrips.com\/wp-content\/uploads\/2015\/05\/machu-picchu-peru-vip-trips2-300x226.jpg 300w, https:\/\/www.peruviptrips.com\/wp-content\/uploads\/2015\/05\/machu-picchu-peru-vip-trips2.jpg 500w\" sizes=\"(max-width: 300px) 100vw, 300px\" \/><\/a>Se encuentra a 13\u015f 9&#8242; 47&#8243; latitud sur y 72\u015f 32&#8242; 44&#8243; longitud oeste. Forma parte del distrito del mismo nombre, en la provincia de Urubamba, en el Departamento del Cusco, en Per\u00fa. La ciudad importante m\u00e1s cercana es Cusco, actual capital regional y antigua capital de los incas, a 130 km de all\u00ed.<\/p>\n<p style=\"text-align: justify;\">Las monta\u0144as Machu Picchu y Huayna Picchu son parte de una gran formaci\u00f3n orogr\u00e1fica conocida como Batolito de Vilcabamba, en la Cordillera Central de los Andes peruanos. Se encuentran en la ribera izquierda del llamado Ca\u0144\u00f3n del Urubamba, conocido antiguamente como Quebrada de Picchu. Al pie de los cerros y pr\u00e1cticamente rode\u00e1ndolos, corre el r\u00edo Vilcanota-Urubamba. El sitio arqueol\u00f3gico incaico se encuentra a medio camino entre las cimas de ambas monta\u0144as, a 450 metros de altura por encima del nivel del valle y a 2.438 metros sobre el nivel del mar. La superficie edificada es aproximadamente de 530 metros de largo por 200 de ancho, contando con 172 edificios en su \u00e1rea urbana. Biogeogr\u00e1ficamente se sit\u00faa en la ecorregi\u00f3n de las yungas peruanas.<\/p>\n<p style=\"text-align: justify;\">Las ruinas, propiamente dichas, est\u00e1n dentro de un territorio intangible del Sistema Nacional de \u00c1reas Naturales Protegidas por el Estado (SINANPE), llamado Santuario Hist\u00f3rico de Machu Picchu, que se extiende sobre una superficie de 32.592 hect\u00e1reas, (80.535 acres o 325,92 km\u02db) de la cuenca del r\u00edo Vilcanota &#8211; Urubamba (el Willka mayu o &#8220;r\u00edo sagrado&#8221; de los incas). El Santuario Hist\u00f3rico protege una serie de especies biol\u00f3gicas en peligro de extinci\u00f3n y varios establecimientos incaicos, entre los cuales Machu Picchu es considerado principal.<\/p>\n<h3>Formas de acceso a la Ciudadela de MACHU PICCHU:<\/h3>\n<p style=\"text-align: justify;\"><a href=\"https:\/\/www.peruviptrips.com\/wp-content\/uploads\/2015\/05\/machu-picchu-peru-vip-trips.jpg\"><img loading=\"lazy\" class=\"  wp-image-36 alignright\" src=\"https:\/\/www.peruviptrips.com\/wp-content\/uploads\/2015\/05\/machu-picchu-peru-vip-trips.jpg\" alt=\"machu picchu peru vip trips\" width=\"367\" height=\"173\" srcset=\"https:\/\/www.peruviptrips.com\/wp-content\/uploads\/2015\/05\/machu-picchu-peru-vip-trips.jpg 700w, https:\/\/www.peruviptrips.com\/wp-content\/uploads\/2015\/05\/machu-picchu-peru-vip-trips-300x141.jpg 300w\" sizes=\"(max-width: 367px) 100vw, 367px\" \/><\/a>La zona arqueol\u00f3gica en s\u00ed solo es accesible, bien desde los caminos incaicos que llegan hasta ella, o bien utilizando la carretera Hiram Bingham (que asciende la cuesta del cerro Machu Picchu desde la estaci\u00f3n de tren de Puente Ruinas, ubicada al fondo del ca\u0144\u00f3n). Ninguna de las dos formas exime al visitante del precio de ingreso a las ruinas.<\/p>\n<p style=\"text-align: justify;\">La mencionada carretera, sin embargo, no est\u00e1 integrada a la red nacional de carreteras del Per\u00fa. Nace en el pueblo de Aguas Calientes, al que a su vez s\u00f3lo se puede acceder por ferrocarril (unas 3 horas desde Cuzco) o helic\u00f3ptero (30 minutos desde Cuzco). La ausencia de una carretera directa al santuario de Machu Picchu es intencional y permite controlar el flujo de visitantes a la zona, que, dado su car\u00e1cter de reserva nacional, es particularmente sensible a las muchedumbres. Ello, sin embargo, no ha impedido el crecimiento desordenado (criticado por las autoridades culturales) de Aguas Calientes, que vive para y por el turismo, pues hay hoteles y restaurantes de diferentes categor\u00edas en este lugar.<\/p>\n<p style=\"text-align: justify;\">Para llegar a Machu Picchu por el principal Camino incaico se debe hacer una caminata de unos 3 d\u00edas. Para ello es necesario tomar el tren hasta el km 82 de la v\u00eda f\u00e9rrea Cuzco &#8211; Aguas Calientes, desde donde parte el recorrido a pie. Algunos visitantes toman un autob\u00fas local desde Cuzco hasta Ollantaytambo (v\u00eda Urubamba) y de ah\u00ed toman un transporte hasta el mencionado km 82. Una vez all\u00ed recorren las v\u00edas del tren hasta cubrir los 32 km que hay hasta Aguas Calientes.<\/p>\n<h3>Clima de Machu Picchu:<\/h3>\n<p style=\"text-align: justify;\">El tiempo es c\u00e1lido y h\u00famedo durante el d\u00eda y fresco por la noche. La temperatura oscila entre los 12 y los 24 grados cent\u00edgrados. La zona es por regla general lluviosa (unos 1.955 mm anuales), especialmente entre noviembre y marzo. Las lluvias, que son copiosas, se alternan r\u00e1pidamente con momentos de intenso brillo solar.<\/p>\n<p><\/p>","protected":false},"excerpt":{"rendered":"<p>Machu Picchu (del quechua sure\u0144o machu pikchu, &#8220;Monta\u0144a Vieja&#8221;) es el nombre contempor\u00e1neo que se da a una llaqta (antiguo poblado andino) incaica construida a mediados del siglo XV en [&hellip;]<\/p>\n","protected":false},"author":2,"featured_media":0,"parent":0,"menu_order":0,"comment_status":"closed","ping_status":"closed","template":"","meta":[],"_links":{"self":[{"href":"https:\/\/www.peruviptrips.com\/es\/wp-json\/wp\/v2\/pages\/33"}],"collection":[{"href":"https:\/\/www.peruviptrips.com\/es\/wp-json\/wp\/v2\/pages"}],"about":[{"href":"https:\/\/www.peruviptrips.com\/es\/wp-json\/wp\/v2\/types\/page"}],"author":[{"embeddable":true,"href":"https:\/\/www.peruviptrips.com\/es\/wp-json\/wp\/v2\/users\/2"}],"replies":[{"embeddable":true,"href":"https:\/\/www.peruviptrips.com\/es\/wp-json\/wp\/v2\/comments?post=33"}],"version-history":[{"count":6,"href":"https:\/\/www.peruviptrips.com\/es\/wp-json\/wp\/v2\/pages\/33\/revisions"}],"predecessor-version":[{"id":44,"href":"https:\/\/www.peruviptrips.com\/es\/wp-json\/wp\/v2\/pages\/33\/revisions\/44"}],"wp:attachment":[{"href":"https:\/\/www.peruviptrips.com\/es\/wp-json\/wp\/v2\/media?parent=33"}],"curies":[{"name":"wp","href":"https:\/\/api.w.org\/{rel}","templated":true}]}}