{"id":31,"date":"2015-05-28T11:52:49","date_gmt":"2015-05-28T10:52:49","guid":{"rendered":"https:\/\/www.peruviptrips.com\/?page_id=31"},"modified":"2015-05-28T12:34:39","modified_gmt":"2015-05-28T11:34:39","slug":"inca-trail","status":"publish","type":"page","link":"https:\/\/www.peruviptrips.com\/es\/camino-inca-machu-picchu\/","title":{"rendered":"Camino Inca"},"content":{"rendered":"<p><\/p>\n<p style=\"text-align: justify;\">Se denomina red vial incaica o la gran carretera de piedra, al entramado de caminos que conformaban el sistema vial del imperio incaico. Se emplean los t\u00e9rminos de: Capac \u0143an y Qhapaq \u0143an (en quechua: \u2018camino real\u2019 o \u2018camino del Inca\u2019) tanto para la totalidad de esa organizaci\u00f3n de rutas como para el camino principal (de aproximadamente 5200 km de longitud). Todos estos caminos se encontraban conectados al Cuzco, la capital del Tahuantinsuyo o Imperio incaico, facilitando su comunicaci\u00f3n con los distintos pueblos anexados en el marco del proceso expansivo inca; al mismo tiempo, constitu\u00edan un efectivo medio de integraci\u00f3n pol\u00edtico\u2013administrativa, socioecon\u00f3mica y cultural. Dado que el Capac \u0143an interconectaba localidades tan distantes como Quito, Cuzco y Tucum\u00e1n, durante el siglo XVI fue empleado por los conquistadores espa\u0144oles para invadir Per\u00fa, Bolivia, Chile y las pampas cordilleranas argentinas.<\/p>\n<p style=\"text-align: justify;\">El famoso \u00abCamino del Inca\u00bb que une la ciudad de Cuzco con el sitio arqueol\u00f3gico de Machu Picchu, es solo una parte m\u00ednima y tangencial de la gigantesca red de caminos incas.<\/p>\n<h2>Red en Am\u00e9rica del Sur<\/h2>\n<p>Partiendo desde el Cuzco, el Capac \u0143an permit\u00eda recorrer los cuatro &#8220;suyos&#8221; (quechua suyu: \u2018regi\u00f3n\u2019 o \u2018territorio\u2019) que constitu\u00edan el Tahuantinsuyo:<\/p>\n<ul>\n<li>al norte el Chinchaysuyo, ocupado por grupos como los chincha, chim\u00faes o yungas y pastos;<\/li>\n<li>al sureste el Collasuyo, ocupado por aimaras, collas y puquinas;<\/li>\n<li>al suroeste el Contisuyo, ocupado por grupos como los conti o conde, collaguas y colonos de origen puquina; y<\/li>\n<li>al oriente el Antisuyo, ocupado por los antis (las actuales poblaciones nativas de la Amazonia).<\/li>\n<\/ul>\n<p style=\"text-align: justify;\">El Capac \u0143an permiti\u00f3 el control econ\u00f3mico y pol\u00edtico de estos pueblos, al mismo tiempo que su integraci\u00f3n, el intercambio y movilizaci\u00f3n estatal de diversos productos, la transmisi\u00f3n de valores culturales, el acceso a los diferentes santuarios incaicos y el desarrollo de pr\u00e1cticas comunes; fue adem\u00e1s un s\u00edmbolo del poder imperial cuzque\u0144o y de su expansi\u00f3n a lo largo de la geograf\u00eda sudamericana, que incluy\u00f3 seis pa\u00edses andinos actuales: Per\u00fa, Argentina, Bolivia, Chile, Colombia y Ecuador.<\/p>\n<p style=\"text-align: justify;\">Con un total de sesenta mil kil\u00f3metros de longitud,1 esta columna vertebral h\u00e1bilmente construida por manos de especialistas puede ser comparada, por sus dimensiones, con la Ruta de la Seda o la Gran Muralla China.<\/p>\n<p><\/p>","protected":false},"excerpt":{"rendered":"<p>Se denomina red vial incaica o la gran carretera de piedra, al entramado de caminos que conformaban el sistema vial del imperio incaico. Se emplean los t\u00e9rminos de: Capac \u0143an [&hellip;]<\/p>\n","protected":false},"author":2,"featured_media":0,"parent":0,"menu_order":0,"comment_status":"closed","ping_status":"closed","template":"","meta":[],"_links":{"self":[{"href":"https:\/\/www.peruviptrips.com\/es\/wp-json\/wp\/v2\/pages\/31"}],"collection":[{"href":"https:\/\/www.peruviptrips.com\/es\/wp-json\/wp\/v2\/pages"}],"about":[{"href":"https:\/\/www.peruviptrips.com\/es\/wp-json\/wp\/v2\/types\/page"}],"author":[{"embeddable":true,"href":"https:\/\/www.peruviptrips.com\/es\/wp-json\/wp\/v2\/users\/2"}],"replies":[{"embeddable":true,"href":"https:\/\/www.peruviptrips.com\/es\/wp-json\/wp\/v2\/comments?post=31"}],"version-history":[{"count":1,"href":"https:\/\/www.peruviptrips.com\/es\/wp-json\/wp\/v2\/pages\/31\/revisions"}],"predecessor-version":[{"id":32,"href":"https:\/\/www.peruviptrips.com\/es\/wp-json\/wp\/v2\/pages\/31\/revisions\/32"}],"wp:attachment":[{"href":"https:\/\/www.peruviptrips.com\/es\/wp-json\/wp\/v2\/media?parent=31"}],"curies":[{"name":"wp","href":"https:\/\/api.w.org\/{rel}","templated":true}]}}