{"id":24,"date":"2015-05-28T11:38:19","date_gmt":"2015-05-28T10:38:19","guid":{"rendered":"https:\/\/www.peruviptrips.com\/?page_id=24"},"modified":"2015-10-02T18:21:56","modified_gmt":"2015-10-02T17:21:56","slug":"about-peru","status":"publish","type":"page","link":"https:\/\/www.peruviptrips.com\/es\/acerca-del-peru-vip-trips\/","title":{"rendered":"Acerca del Peru"},"content":{"rendered":"<p>Acerca del Per\u00fa \u2013 PVT \u2013 Per\u00fa Travel\u2026<br \/>\nEl Per\u00fa. Hay que verlo para creerlo. Abrir los ojos, despertar de pronto en Machu picchu, ciudad eterna, declarada ahora como una de las siete maravillas del mundo moderno, es un sue\u00f1o que toda persona deber\u00eda cumplir. Como plantar un \u00e1rbol, escribir un libro, o tener un hijo, etc., conocer Machu picchu (y descubrir el Per\u00fa) Heredero de las antiguas culturas y una rica tradici\u00f3n colonial, Per\u00fa, es un lugar m\u00e1gico que implica una de las biodiversidades m\u00e1s ricas de la tierra, y es una mixtura de culturas diferentes que juntos, est\u00e1n forjando la promesa de un futuro mejor.<br \/>\nUn pa\u00eds con 10 mil a\u00f1os de historia. Fue sede del fabuloso imperio Inca. Pero mucho antes de ello, milenarias civilizaciones legaron al mundo soberbias muestras de un pasado glorioso como Caral; las tumbas reales de Sip\u00e1n, el entierro m\u00e1s fastuoso de Am\u00e9rica; las enigm\u00e1ticas l\u00edneas de Nazca; y la portentosa fortaleza de Ku\u00e9lap. Una de las naciones m\u00e1s mega diversas del planeta. Con 84 de las 117 zonas de vida. Donde uno puede pasar de un s\u00f3lido desierto a vertiginosas monta\u00f1as y a una selva exuberante en un solo suspiro. Un territorio exquisito, con una cocina que ya dio el gran salto a la alta gastronom\u00eda. Un arco iris de sonidos, sabores, y colores que se manifiestan en m\u00e1s de 50 lenguas nativas a\u00fan en uso, miles de danzas y ancestrales instrumentos musicales que se dejan ver y escuchar en grandes fiestas y procesiones. Un destino que encierra infinitos destinos. El hogar de millones de personas que esperan con los brazos abiertos su visita.<br \/>\nARQUEOLOG\u00cdA<br \/>\nSi bien la palabra Per\u00fa evoca inevitable y casi inmediatamente, las im\u00e1genes de Machu picchu y del Imperio fundado por los Incas, por sus caminos es posible conocer el impresionante patrimonio arqueol\u00f3gico heredado por civilizaciones m\u00e1s antiguas que dan testimonio de su arte, costumbres, ritos y desarrollo.<br \/>\nLa civilizaci\u00f3n Inca surgi\u00f3 m\u00e1s bien tarde en el proceso de desarrollo cultural de los Andes prehisp\u00e1nicos y su historia ocupa, apenas, un siglo dentro de los 20 mil a\u00f1os que tiene la presencia del hombre en el territorio peruano.<br \/>\nMucho tiempo antes que los incas, mientras se desarrollaban focos civilizatorios como Mesopot\u00e1mia, Egipto, India y China (3000 y 2000 a.C.), al norte de Lima se edific\u00f3 Caral, la primera expresi\u00f3n americana de un asentamiento urbano del pre cer\u00e1mico con arquitectura monumental en un \u00e1rea mayor a las 10 ha. Posteriormente, los chav\u00edn (800 &#8211; 200 a.C.) en la sierra norte, lograron significativos avances en arquitectura, ingenier\u00eda y agricultura.<br \/>\nEn la costa norte, la civilizaci\u00f3n Moche (200 a.C.- 600 d.C.) es reconocida por su cer\u00e1mica realista (huacos retrato) y sus templos piramidales. Este mismo territorio fue luego escenario de los chim\u00fa (1100 &#8211; 1500), cuyo legado m\u00e1s conocido es la ciudadela de Chan &#8211; Chan: un inmenso laberinto de murallas de barro de 12 metros de alto y exquisito trabajo arquitect\u00f3nico.<br \/>\nEn el sur, las l\u00edneas de Nazca (300 a.C. &#8211; 900 d.C.), impresionantes figuras grabadas sobre la pampa des\u00e9rtica y los cementerios Paracas(800 a.C &#8211; 600 d.C), cuyos mantos dan testimonio de la visi\u00f3n m\u00e1gico-religiosa que reg\u00eda la vida de esta civilizaci\u00f3n, forman tambi\u00e9n parte de los tesoros arqueol\u00f3gicos del Per\u00fa.<br \/>\nSiglos despu\u00e9s, los incas (1400 &#8211; 1500) convirtieron al Cusco en el centro de su civilizaci\u00f3n, construyendo en ella importantes obras como Sacsayhuaman, Pisac o el Koricancha. Fue en esta tierra donde el mito e historia se fundieron, donde los caminos de los incas, los pueblos, las personas y las tradiciones son una muestra constante del esp\u00edritu andino, sagrado y monumental.<br \/>\nAREAS NATURALES PROTEGIDAS<br \/>\nContar con 84 de las 104 zonas de vida que existen en el planeta convierte al Per\u00fa en un destino privilegiado para los amantes de la naturaleza.<br \/>\nEn el Per\u00fa viven cerca del 20% de las aves y el 10% de los mam\u00edferos y reptiles del mundo. El Per\u00fa ha convertido el 13% de su territorio en \u00c1reas Naturales Protegidas.<br \/>\nFIESTAS Y TRADICIONES<br \/>\nEl Per\u00fa es pa\u00eds que baila y canta sus alegr\u00edas y tristezas con extraordinario colorido y gran parafernalia. Son cerca de 3000 las que conforman el calendario anual de fiestas de todas las regiones del pa\u00eds.<br \/>\nA estas fiestas religiosas se suman otras celebraciones netamente paganas como las vinculadas a mitos ancestrales en las comunidades nativas de la selva y las numerosas fiestas creadas en los \u00faltimos siglos o d\u00e9cadas. Adem\u00e1s, en el mismo d\u00eda de celebraci\u00f3n, los migrantes organizados en alrededor de cuatro mil clubes montan r\u00e9plicas urbanas de las diversas fiestas que se realizan en los pueblos de origen.<\/p>\n<p>GASTRONOMIA<br \/>\nM\u00e1s de 40 mil restaurantes en todo el pa\u00eds reflejan la diversidad de una naci\u00f3n que ha mezclado sus tradiciones nativas con la culinaria europea, \u00e1rabe, china, africana y japonesa. El resultado: sabores \u00fanicos que convierten a la cocina peruana en una de las mejores y m\u00e1s diversas del mundo.<br \/>\nCocinar bien y entender de buen comer es tal vez la costumbre m\u00e1s extendida entre los peruanos. Comemos de todo y en todas las ocasiones. Cuando nacen nuevos, cuando mueren viejos, cuando los ni\u00f1os se hacen adultos, cuando queremos decir la verdad o alguna que otra mentira, para seducir, convencer o amar. Testigo sin omisi\u00f3n, una mesa bien servida.<br \/>\nCuando oiga decir a un peruano que la nuestra es la mejor cocina, recuerde siempre que este nada ingenuo atrevimiento nos lo da el pensar que si de sexto sentido se trata, los peruanos tenemos dos veces el del gusto.<br \/>\nNuestra identidad se forja en la cocina: somos exigentes comensales y, muchos, m\u00e1gicos cocineros. La democracia la vivimos en nuestras mesas: siempre habr\u00e1 espacio para un cebiche de lenguado fresco, un pisco sour o un arroz con pato a la chiclayana.<br \/>\nLENGUAGE<br \/>\nEspa\u00f1ol: 80,3%<br \/>\nQuechua: 16,2%<br \/>\nOtros idiomas: 3,0%<br \/>\nIdiomas extranjeros: 0,2%<br \/>\nComo parte de su rica tradici\u00f3n cultural, Per\u00fa cuenta con muchos idiomas diferentes. Aunque el espa\u00f1ol es com\u00fanmente hablado en todo el pa\u00eds, el quechua es una importante herencia del imperio incaico, y aun se habla con los dialectos regionales en muchas partes del Per\u00fa<br \/>\nMONEDA:<br \/>\nLa moneda oficial del Per\u00fa es en Nuevo sol (s\/.), que se divide en 100 c\u00e9ntimos, monedas de 1, 2, 5 nuevos soles, hay billetes de la denominaci\u00f3n de 10, 20, 50, 100, y 200 nuevos soles tambi\u00e9n.<br \/>\nLa mejor moneda para llevar es el d\u00f3lar americano, cualquier otra moneda ser\u00e1 dif\u00edcil de cambiar fuera de Lima. Aunque el d\u00f3lar es bien recibido, en general, en algunos lugares peque\u00f1os tendr\u00e1 la necesidad de cambiarlos a nuevos soles. El ingreso de divisas al Per\u00fa es ilimitado.<br \/>\nLa tasa de cambio del d\u00f3lar puede variar de d\u00eda a d\u00eda, pero usualmente fluct\u00faa entre S\/. 3.10 y 3.20 nuevos soles por cada d\u00f3lar americano. El cambio el Euro esta aproximadamente en S\/.3.50.<br \/>\nEfectivo: Trate de llevar billetes chicos y sencillo, pues muchas veces los vendedores, las tiendas y los taxis no tienen vuelto. Cuando lleve dinero, f\u00edjese que \u00e9ste no est\u00e9 roto ni viejo, ya que los vendedores, los bancos, los cambistas, etc. no aceptan billetes en ese estado<br \/>\nCONECTIVIDAD A\u00c9REA Y TERRESTRE:<br \/>\n-14 aeropuertos equipados para recibir vuelos comerciales y 10 listos para vuelos internacionales: Lima, Arequipa, Chiclayo, Pisco, Pucallpa, Iquitos, Cusco, Trujillo, Tacna y Juliaca. (++ CORPAC &#8211; Corporaci\u00f3n Peruana de Aviaci\u00f3n Comercial)<br \/>\n-17 aerol\u00edneas operan vuelos internacionales.<br \/>\n-7 aerol\u00edneas ofrecen vuelos nacionales.<br \/>\n-M\u00e1s de 78 mil kil\u00f3metros de carreteras, 8084.6 de los cuales est\u00e1n asfaltados.<br \/>\n(Ministerio de Transportes y Comunicaciones)<\/p>","protected":false},"excerpt":{"rendered":"<p>Acerca del Per\u00fa \u2013 PVT \u2013 Per\u00fa Travel\u2026 El Per\u00fa. Hay que verlo para creerlo. Abrir los ojos, despertar de pronto en Machu picchu, ciudad eterna, declarada ahora como una [&hellip;]<\/p>\n","protected":false},"author":2,"featured_media":0,"parent":0,"menu_order":0,"comment_status":"closed","ping_status":"closed","template":"","meta":[],"_links":{"self":[{"href":"https:\/\/www.peruviptrips.com\/es\/wp-json\/wp\/v2\/pages\/24"}],"collection":[{"href":"https:\/\/www.peruviptrips.com\/es\/wp-json\/wp\/v2\/pages"}],"about":[{"href":"https:\/\/www.peruviptrips.com\/es\/wp-json\/wp\/v2\/types\/page"}],"author":[{"embeddable":true,"href":"https:\/\/www.peruviptrips.com\/es\/wp-json\/wp\/v2\/users\/2"}],"replies":[{"embeddable":true,"href":"https:\/\/www.peruviptrips.com\/es\/wp-json\/wp\/v2\/comments?post=24"}],"version-history":[{"count":3,"href":"https:\/\/www.peruviptrips.com\/es\/wp-json\/wp\/v2\/pages\/24\/revisions"}],"predecessor-version":[{"id":82,"href":"https:\/\/www.peruviptrips.com\/es\/wp-json\/wp\/v2\/pages\/24\/revisions\/82"}],"wp:attachment":[{"href":"https:\/\/www.peruviptrips.com\/es\/wp-json\/wp\/v2\/media?parent=24"}],"curies":[{"name":"wp","href":"https:\/\/api.w.org\/{rel}","templated":true}]}}