{"id":20,"date":"2015-05-28T11:31:53","date_gmt":"2015-05-28T10:31:53","guid":{"rendered":"https:\/\/www.peruviptrips.com\/?page_id=20"},"modified":"2015-10-02T18:16:01","modified_gmt":"2015-10-02T17:16:01","slug":"about-us","status":"publish","type":"page","link":"https:\/\/www.peruviptrips.com\/es\/nosotros-peru-vip-trips\/","title":{"rendered":"Nosotros"},"content":{"rendered":"<p><\/p>\n<h2 style=\"text-align: justify;\">Acerca de Nosotros \u2013 PVT \u2013 Per\u00fa Travel\u2026<\/h2>\n<p style=\"text-align: justify;\">Somos un gran equipo de profesionales, quienes integramos esta prestigiosa Agencia de Viajes y Turismo PVT \u2013 Per\u00fa Travel. Nuestra Agencia de Viajes est\u00e1 debidamente registrada y autorizada por la asociaci\u00f3n de Agencias de Viajes del Per\u00fa, el gobierno local y por el gobierno Peruano. El objetivo principal de nuestra Agencia de Viajes es la de ofrecer un servicio de calidad y excelencia y compartir experiencias inolvidables con todos nuestros clientes de todo el mundo. Nuestro personal est\u00e1 siempre dispuesto para apoyarle y contestar todas sus interrogantes las 24 horas del d\u00eda para una buena planificaci\u00f3n de su viaje en todo el Per\u00fa.<\/p>\n<h3 style=\"text-align: justify;\">VISION<\/h3>\n<p style=\"text-align: justify;\">La visi\u00f3n principal de <strong>la agencia de viajes PVT \u2013 Per\u00fa Travel,<\/strong> es ser conocido como una Agencia de Viajes y Turismo con calidad certificada y de buen servicio a nivel local, nacional e internacional. Siempre trabajamos y realizamos todas nuestras actividades servicios y operaciones pensando en la protecci\u00f3n del Medio Ambiente, Tambi\u00e9n seguiremos impulsando el crecimiento del turismo en nuestra ciudad y el Pa\u00eds.<\/p>\n<h3 style=\"text-align: justify;\">MISION<\/h3>\n<p style=\"text-align: justify;\">La principal misi\u00f3n de <strong>nuestra agencia de viajes PVT \u2013 Per\u00fa Travel,<\/strong> es la de permanecer en la memoria de nuestros clientes como una empresa segura y confiable. Seguimos con el objetivo \u00fanico de apoyar a nuestros nuevos clientes a diario, Constantemente seguiremos ganando certificaciones de conservaci\u00f3n y de calidad de servicio gracias al apoyo de cada uno de nuestros clientes que conf\u00edan en nosotros y los servicios que brindamos a lo largo de todo el Per\u00fa.<\/p>\n<h3 style=\"text-align: justify;\">NUESTROS SERVICIOS<\/h3>\n<p style=\"text-align: justify;\"><strong>Nuestra Agencia de Viajes PVT \u2013 Per\u00fa Travel,<\/strong> cuenta con una infraestructura adecuada y est\u00e1 completamente equipado, y cuenta con profesionales experimentados en el \u00e1rea que gustosamente los atender\u00e1n siempre con una sonrisa, y usted vivir\u00e1 experiencias inolvidables en su estad\u00eda con nosotros y en esta ciudad tan acogedora. Le ofrecemos la atenci\u00f3n r\u00e1pida, segura y con la garant\u00eda nuestros servicios.<\/p>\n<p style=\"text-align: justify;\">Ofrecemos los principales servicios con una variedad de viajes y excursiones por el Per\u00fa y tenemos siempre el plan perfecto para usted. Para la satisfacci\u00f3n de nuestros clientes dividimos nuestros servicios en:<\/p>\n<ul>\n<li style=\"text-align: justify;\">Turismo Tradicional.<\/li>\n<li style=\"text-align: justify;\">Turismo de Aventura.<\/li>\n<li style=\"text-align: justify;\">Turismo en la Selva.<\/li>\n<li style=\"text-align: justify;\">Turismo M\u00edstico.<\/li>\n<\/ul>\n<p style=\"text-align: justify;\">Entre las cuatro categor\u00edas usted definitivamente encontrar\u00e1 un programa que satisfaga sus deseos, desde paseos de aventura que nos lleva a sobrevolar en el valle sagrado de los Incas, hasta un matrimonio m\u00edstico en la tierra de los Incas hasta una visita muy f\u00e1cil y tradicional del lugar m\u00e1s hermoso del mundo, Machu picchu. Si usted est\u00e1 interesado en una excursi\u00f3n y ha escogido una, gustosamente lo organizaremos para usted.<\/p>\n<p><iframe src=\"https:\/\/mapsengine.google.com\/map\/embed?mid=zsoaxXGFvX_k.k8CmWns9gnhk\" width=\"100%\" height=\"480\"><\/iframe><\/p>","protected":false},"excerpt":{"rendered":"<p>Acerca de Nosotros \u2013 PVT \u2013 Per\u00fa Travel\u2026 Somos un gran equipo de profesionales, quienes integramos esta prestigiosa Agencia de Viajes y Turismo PVT \u2013 Per\u00fa Travel. Nuestra Agencia de [&hellip;]<\/p>\n","protected":false},"author":2,"featured_media":0,"parent":0,"menu_order":0,"comment_status":"closed","ping_status":"closed","template":"","meta":[],"_links":{"self":[{"href":"https:\/\/www.peruviptrips.com\/es\/wp-json\/wp\/v2\/pages\/20"}],"collection":[{"href":"https:\/\/www.peruviptrips.com\/es\/wp-json\/wp\/v2\/pages"}],"about":[{"href":"https:\/\/www.peruviptrips.com\/es\/wp-json\/wp\/v2\/types\/page"}],"author":[{"embeddable":true,"href":"https:\/\/www.peruviptrips.com\/es\/wp-json\/wp\/v2\/users\/2"}],"replies":[{"embeddable":true,"href":"https:\/\/www.peruviptrips.com\/es\/wp-json\/wp\/v2\/comments?post=20"}],"version-history":[{"count":4,"href":"https:\/\/www.peruviptrips.com\/es\/wp-json\/wp\/v2\/pages\/20\/revisions"}],"predecessor-version":[{"id":81,"href":"https:\/\/www.peruviptrips.com\/es\/wp-json\/wp\/v2\/pages\/20\/revisions\/81"}],"wp:attachment":[{"href":"https:\/\/www.peruviptrips.com\/es\/wp-json\/wp\/v2\/media?parent=20"}],"curies":[{"name":"wp","href":"https:\/\/api.w.org\/{rel}","templated":true}]}}